{"id":151,"date":"2015-08-16T22:47:01","date_gmt":"2015-08-16T20:47:01","guid":{"rendered":"http:\/\/dgs-wochenende.de\/?page_id=151"},"modified":"2016-02-22T00:29:47","modified_gmt":"2016-02-21T23:29:47","slug":"erfahrungsberichte","status":"publish","type":"page","link":"http:\/\/dgs-wochenende.de\/index.php\/erfahrungsberichte\/","title":{"rendered":"Erfahrungsberichte"},"content":{"rendered":"<div id=\"fbuilder_wrapper\">\n<div id=\"fbuilder_content_wrapper\">\n<div id=\"fbuilder_content\">\n<div class=\"fbuilder_row\" data-rowtype=\"0\" data-rowid=\"0\">\n<div>\n<div class=\"fbuilder_column fbuilder_column-1-1\" data-colnumber=\"0\">\n<div class=\"fbuilder_droppable\">\n<div class=\"fbuilder_module\" data-shortcode=\"text\" data-modid=\"0\">\n<div id=\"frb_text_188444508\" class=\"\" style=\"padding-bottom: 24px !important; text-align: left;\">\n<div class=\"frb_text\" style=\"color: #808080;\">\n<p><span style=\"font-family: Anton; font-size: 24pt; color: #333333;\">\u00a0<\/span><\/p>\n<\/div>\n<\/div>\n<\/div>\n<\/div>\n<\/div>\n<div style=\"clear: both;\"><\/div>\n<\/div>\n<\/div>\n<div class=\"fbuilder_row\" data-rowtype=\"17\" data-rowid=\"2\">\n<div>\n<div class=\"fbuilder_column fbuilder_column-2-5\" data-colnumber=\"0\">\n<div class=\"fbuilder_droppable\">\n<div class=\"fbuilder_module\" data-shortcode=\"text\" data-modid=\"6\">\n<div id=\"frb_text_1213630350\" class=\"\" style=\"padding-bottom: 0px !important; text-align: left;\"><\/div>\n<\/div>\n<\/div>\n<\/div>\n<div class=\"fbuilder_column fbuilder_column-3-5\" data-colnumber=\"1\">\n<div class=\"fbuilder_droppable\">\n<div class=\"fbuilder_module\" data-shortcode=\"text\" data-modid=\"5\">\n<div id=\"frb_text_1607011897\" class=\"\" style=\"padding-bottom: 0px !important; text-align: left;\">\n<div class=\"frb_text\" style=\"color: #808080;\">\n<p><span style=\"text-decoration: underline; color: #333333;\"><span style=\"font-family: Josefin Slap Regular; font-size: 36pt;\">ERFAHRUNGSBERICHTE<\/span><\/span><\/p>\n<\/div>\n<\/div>\n<\/div>\n<\/div>\n<\/div>\n<div style=\"clear: both;\"><\/div>\n<\/div>\n<\/div>\n<div class=\"fbuilder_row\" data-rowtype=\"17\" data-rowid=\"3\">\n<div>\n<div class=\"fbuilder_column fbuilder_column-2-5\" data-colnumber=\"0\">\n<div class=\"fbuilder_droppable\">\n<div class=\"fbuilder_module\" data-shortcode=\"text\" data-modid=\"8\">\n<div id=\"frb_text_512783811\" class=\"\" style=\"padding-bottom: 24px !important; text-align: left;\">\n<div class=\"frb_text\" style=\"color: #808080;\">\n<p style=\"text-align: right;\"><span style=\"color: #333333;\"><span style=\"text-decoration: underline; font-family: Josefin Slap Regular;\"><span style=\"font-size: 36pt;\">FEEDBACK <\/span><\/span><\/span><\/p>\n<\/div>\n<\/div>\n<\/div>\n<\/div>\n<\/div>\n<div class=\"fbuilder_column fbuilder_column-3-5\" data-colnumber=\"1\">\n<div class=\"fbuilder_droppable\">\n<div class=\"fbuilder_module\" data-shortcode=\"text\" data-modid=\"7\">\n<div id=\"frb_text_199340082\" class=\"\" style=\"padding-bottom: 24px !important; text-align: left;\">\n<div class=\"frb_text\" style=\"color: #808080;\">\n<div id=\"imCellStyle_2\">\n<div id=\"imTextObject_2_tab0\" class=\"text-tab-content\">\n<div class=\"text-inner\">\n<p><span style=\"font-family: Enriqueta Regular; font-size: 12pt; color: #333333;\"><span class=\"ff1 cf0 fs22\">Hier eine kleine Sammlung von Feedbacks der Teilnehmer\/innen! Viel Spa\u00df bei lesen &#8230;<\/span><span class=\"ff0 fs20\"><br \/>\n<\/span><\/span><\/p>\n<\/div>\n<\/div>\n<\/div>\n<\/div>\n<\/div>\n<\/div>\n<div class=\"fbuilder_module\" data-shortcode=\"text\" data-modid=\"9\">\n<div id=\"frb_text_22574620\" class=\"\" style=\"padding-bottom: 24px !important; text-align: left;\"><\/div>\n<\/div>\n<\/div>\n<\/div>\n<div style=\"clear: both;\"><\/div>\n<\/div>\n<\/div>\n<div class=\"fbuilder_row\" data-rowtype=\"12\" data-rowid=\"1\">\n<div>\n<div class=\"fbuilder_column fbuilder_column-1-5\" data-colnumber=\"0\"><\/div>\n<div class=\"fbuilder_column fbuilder_column-3-5\" data-colnumber=\"1\">\n<div class=\"fbuilder_droppable\">\n<div class=\"fbuilder_module\" data-shortcode=\"heading\" data-modid=\"2\">\n<p>&#8221; <span class=\"fs22 cf1 ff1\"><b>Eine Reise ganz weit weg und doch so nah &#8230;<\/b><\/span><\/p>\n<\/div>\n<div class=\"fbuilder_module\" data-shortcode=\"testimonials\" data-modid=\"1\">\n<div id=\"frb_testimonials_469561290\" class=\"frb_testimonial_style_default \" style=\"padding-bottom: 24px !important;\">\n<div class=\"frb_testimonials frb_testimonials_default\" style=\"background: #b9baba;\">\n<div class=\"frb_testimonials_quote\" style=\"color: #333333;\">So k\u00f6nnte man das DGS-Wochenende bei Landshut gut in einem Satz zusammenfassen. Obwohl nur wenige Fahrtstunden hinter M\u00fcnchen, hatte ich doch das Gef\u00fchl, ein anderes Land oder gar einen anderen Planeten zu betreten. Aus dem Auto ausgestiegen, noch schnell zu Hause angerufen, dass ich gut angekommen bin und ab da kam kein Wort mehr \u00fcber meine Lippen. Eine Herausforderung, ja, aber nur so war es m\u00f6glich, ganz einzutauchen in diese andere Welt. Mit Kaffee und Kuchen wurden wir begr\u00fc\u00dft und die Stimmung war bereits nach f\u00fcnf Minuten und vielen Versuchen, einen Liegestuhl richtig aufzubauen, gel\u00f6st. Und dann ging es nach einer kurzen Verschnaufpause auch schon los mit dem straff organisierten Programm. Abwechslungsreiche Spiele, die viel Anlass zum Lachen hergaben, aber bei denen man auch viel Neues lernen konnte. Trotzdem wurde immer darauf geachtet, dass wir uns nicht \u00fcberanstrengten und f\u00fcr Verpflegung wurde gesorgt. Unsere Kreativit\u00e4t durften wir beim Malen eines Bildes ausleben, das ich bei aller Bescheidenheit ein wahres Kunstwerk nennen darf. Am sch\u00f6nsten waren f\u00fcr mich die Abende mit leckerem Essen vom Grill (der Mais war himmlisch) und den lustigen Spielen, bei denen man beim Erraten und Darstellen von Pers\u00f6nlichkeiten und verschiedensten Begriffen ebenso viel Kreativit\u00e4t und Fantasie ben\u00f6tigte. Das gemeinsame Einkaufen geh\u00f6rt ebenfalls zu meinen pers\u00f6nlichen Highlights und war eine richtig interessante Erfahrung. Insgesamt kann ich das DGS-Wochenende w\u00e4rmstens empfehlen f\u00fcr alle, die gute Organisation, viel Spa\u00df, Spiele, Kommunikation und liebe Menschen sch\u00e4tzen. Ich werde die Reise in diese andere Welt, die doch vor der T\u00fcre liegt, mit Sicherheit noch einmal antreten.<\/div>\n<\/div>\n<div class=\"frb_testimonials_main_block\"><img decoding=\"async\" class=\"frb_testimonials_img\" src=\"http:\/\/dgs-wochenende.de\/wp-content\/uploads\/2016\/02\/testimonials-image_julia-ruf.jpg\" alt=\"\" \/><\/div>\n<p><span class=\"frb_testimonials_name\"><b style=\"color: #232323;\">Julia Ruf<\/b><span style=\"color: #232323;\">h\u00f6rend, studierende DGS-Dolmetscherin<\/span><\/span><\/p>\n<\/div>\n<\/div>\n<\/div>\n<\/div>\n<div class=\"fbuilder_column fbuilder_column-1-5\" data-colnumber=\"2\"><\/div>\n<div style=\"clear: both;\"><\/div>\n<\/div>\n<\/div>\n<div class=\"fbuilder_row\" data-rowtype=\"12\" data-rowid=\"4\"><\/div>\n<\/div>\n<div style=\"clear: both;\"><\/div>\n<\/div>\n<div style=\"clear: both;\"><\/div>\n<\/div>\n","protected":false},"excerpt":{"rendered":"<p>\u00a0 ERFAHRUNGSBERICHTE FEEDBACK Hier eine kleine Sammlung von Feedbacks der Teilnehmer\/innen! Viel Spa\u00df bei lesen &#8230; &#8221; Eine Reise ganz weit weg und doch so nah &#8230; So k\u00f6nnte man das DGS-Wochenende bei Landshut gut in einem Satz zusammenfassen. Obwohl&#8230;<\/p>\n","protected":false},"author":4,"featured_media":0,"parent":0,"menu_order":0,"comment_status":"closed","ping_status":"closed","template":"page-full.php","meta":[],"_links":{"self":[{"href":"http:\/\/dgs-wochenende.de\/index.php\/wp-json\/wp\/v2\/pages\/151"}],"collection":[{"href":"http:\/\/dgs-wochenende.de\/index.php\/wp-json\/wp\/v2\/pages"}],"about":[{"href":"http:\/\/dgs-wochenende.de\/index.php\/wp-json\/wp\/v2\/types\/page"}],"author":[{"embeddable":true,"href":"http:\/\/dgs-wochenende.de\/index.php\/wp-json\/wp\/v2\/users\/4"}],"replies":[{"embeddable":true,"href":"http:\/\/dgs-wochenende.de\/index.php\/wp-json\/wp\/v2\/comments?post=151"}],"version-history":[{"count":44,"href":"http:\/\/dgs-wochenende.de\/index.php\/wp-json\/wp\/v2\/pages\/151\/revisions"}],"predecessor-version":[{"id":862,"href":"http:\/\/dgs-wochenende.de\/index.php\/wp-json\/wp\/v2\/pages\/151\/revisions\/862"}],"wp:attachment":[{"href":"http:\/\/dgs-wochenende.de\/index.php\/wp-json\/wp\/v2\/media?parent=151"}],"curies":[{"name":"wp","href":"https:\/\/api.w.org\/{rel}","templated":true}]}}