{"id":169,"date":"2015-08-16T22:59:36","date_gmt":"2015-08-16T20:59:36","guid":{"rendered":"http:\/\/dgs-wochenende.de\/?page_id=169"},"modified":"2016-02-22T02:02:02","modified_gmt":"2016-02-22T01:02:02","slug":"team","status":"publish","type":"page","link":"http:\/\/dgs-wochenende.de\/index.php\/team\/","title":{"rendered":"Team"},"content":{"rendered":"<div id=\"fbuilder_wrapper\">\n<div id=\"fbuilder_content_wrapper\">\n<div id=\"fbuilder_content\">\n<div data-rowtype=\"0\" data-rowid=\"0\" style=\"\" class=\"fbuilder_row\">\n<div>\n<div data-colnumber=\"0\" class=\"fbuilder_column fbuilder_column-1-1\">\n<div style=\" \" class=\"fbuilder_droppable\" >\n<div class=\"fbuilder_module\" data-shortcode=\"text\" data-modid=\"0\">\n<style type=\"text\/css\" scoped=\"scoped\">#frb_text_144838995.frb_onScreen.frb_animated {-webkit-animation-duration: 1000ms; animation-duration: 1000ms;}#frb_text_144838995.frb_onScreen.frb_hinge {-webkit-animation-duration: 2000ms; animation-duration: 2000ms;}<\/style>\n<div id=\"frb_text_144838995\" class=\"\" style=\"padding-bottom:24px !important; text-align:left;\">\n<div class=\"frb_text\" style=\"color:#808080;\"><\/div>\n<\/div>\n<\/div>\n<div class=\"fbuilder_module\" data-shortcode=\"text\" data-modid=\"2\">\n<style type=\"text\/css\" scoped=\"scoped\">#frb_text_857425063.frb_onScreen.frb_animated {-webkit-animation-duration: 1000ms; animation-duration: 1000ms;}#frb_text_857425063.frb_onScreen.frb_hinge {-webkit-animation-duration: 2000ms; animation-duration: 2000ms;}<\/style>\n<div id=\"frb_text_857425063\" class=\"\" style=\"padding-bottom:40px !important; text-align:left;\">\n<div class=\"frb_text\" style=\"color:#808080;\">\n<p><span class=\"ff1 fs22\" style=\"font-family: Enriqueta Regular; font-size: 12pt; color: #333333;\">Wir sind ein junges Team von Geb\u00e4rdensprachdozentinnen der Geb\u00e4rdensprachschule <a href=\"http:\/\/www.blickfang-muenchen.de\" target=\"_blank\">www.blickfang-muenchen.de<\/a>.<br \/><\/span><\/p>\n<\/div>\n<\/div>\n<\/div>\n<\/div>\n<\/div>\n<div style=\"clear:both;\"><\/div>\n<\/div>\n<\/div>\n<div data-rowtype=\"0\" data-rowid=\"1\" style=\"\" class=\"fbuilder_row\">\n<div>\n<div data-colnumber=\"0\" class=\"fbuilder_column fbuilder_column-1-1\">\n<div style=\" background:Basic;\" class=\"fbuilder_droppable\" >\n<div class=\"fbuilder_module\" data-shortcode=\"text\" data-modid=\"1\">\n<style type=\"text\/css\" scoped=\"scoped\">#frb_text_1794453166.frb_onScreen.frb_animated {-webkit-animation-duration: 1000ms; animation-duration: 1000ms;}#frb_text_1794453166.frb_onScreen.frb_hinge {-webkit-animation-duration: 2000ms; animation-duration: 2000ms;}<\/style>\n<div id=\"frb_text_1794453166\" class=\"\" style=\"padding-bottom:24px !important; text-align:left;\">\n<div class=\"frb_text\" style=\"color:#808080;\">\n<div class='wmts_container' data-wmts-devices-settings='{&quot;desktop&quot;:{&quot;breakpoint&quot;:&quot;1400&quot;,&quot;cellSpace&quot;:&quot;5&quot;,&quot;columns&quot;:&quot;4&quot;,&quot;fontSize&quot;:&quot;14&quot;,&quot;width&quot;:&quot;3&quot;,&quot;height&quot;:&quot;3&quot;,&quot;height_calc&quot;:&quot;Flexible&quot;},&quot;laptop&quot;:{&quot;breakpoint&quot;:&quot;1300&quot;,&quot;cellSpace&quot;:&quot;15&quot;,&quot;columns&quot;:&quot;5&quot;,&quot;fontSize&quot;:&quot;14&quot;,&quot;width&quot;:&quot;2&quot;,&quot;height&quot;:&quot;3&quot;,&quot;height_calc&quot;:&quot;Flexible&quot;},&quot;tabletLandscape&quot;:{&quot;breakpoint&quot;:&quot;1020&quot;,&quot;cellSpace&quot;:&quot;5&quot;,&quot;columns&quot;:&quot;3&quot;,&quot;fontSize&quot;:&quot;14&quot;,&quot;width&quot;:&quot;2&quot;,&quot;height&quot;:&quot;3&quot;},&quot;tablet&quot;:{&quot;breakpoint&quot;:&quot;760&quot;,&quot;cellSpace&quot;:&quot;5&quot;,&quot;columns&quot;:&quot;3&quot;,&quot;fontSize&quot;:&quot;14&quot;,&quot;width&quot;:&quot;2&quot;,&quot;height&quot;:&quot;3&quot;},&quot;mobileLandscape&quot;:{&quot;breakpoint&quot;:&quot;500&quot;,&quot;cellSpace&quot;:&quot;5&quot;,&quot;columns&quot;:&quot;2&quot;,&quot;fontSize&quot;:&quot;13&quot;,&quot;width&quot;:&quot;2&quot;,&quot;height&quot;:&quot;3&quot;},&quot;mobile&quot;:{&quot;breakpoint&quot;:&quot;0&quot;,&quot;cellSpace&quot;:&quot;5&quot;,&quot;columns&quot;:&quot;1&quot;,&quot;fontSize&quot;:&quot;13&quot;,&quot;width&quot;:&quot;1&quot;,&quot;height&quot;:&quot;1&quot;}}' data-wmts-overall-settings='{&quot;layoutMode&quot;:&quot;fitRows&quot;,&quot;general_css&quot;:&quot;&quot;,&quot;cache&quot;:&quot;Off&quot;,&quot;cache_purge_time&quot;:&quot;&quot;,&quot;filtering&quot;:&quot;Disabled&quot;,&quot;filtering_key&quot;:&quot;{{category}}&quot;,&quot;filtering_all&quot;:&quot;All&quot;,&quot;filtering_details&quot;:&quot;[{&quot;name&quot;:&quot;Gebu00e4rdensprachdolmetscher&quot;,&quot;content&quot;:&quot;Gebu00e4rdensprachdolmetscher&quot;,&quot;live&quot;:true},{&quot;name&quot;:&quot;Gebu00e4rdensprachdozenten&quot;,&quot;content&quot;:&quot;Gebu00e4rdensprachdozenten&quot;,&quot;live&quot;:true}]&quot;,&quot;undefined&quot;:&quot;Gebu00e4rdensprachdozenten&quot;,&quot;search&quot;:&quot;Disabled&quot;,&quot;search_input_placeholder&quot;:&quot;Member Name&quot;,&quot;search_all_departments&quot;:&quot;All Departments&quot;,&quot;search_button_label&quot;:&quot;Search&quot;,&quot;pagination&quot;:&quot;Disabled&quot;,&quot;pagination_type&quot;:&quot;numbered&quot;,&quot;load_more_text&quot;:&quot;Load More&quot;,&quot;images&quot;:&quot;Yes&quot;,&quot;fonts&quot;:&quot;&quot;}' data-wph-post-id='392' data-wph-plugin='wmts' data-wmts-version='1.9.5'>\n<div class=\"wmts_members\">\n<style type=\"text\/css\">[data-wph-post-id=\"392\"] [data-wph-elm='1'] {text-align: center;\nbackground: transparent;\npadding: 10px;\noverflow: hidden;}  [data-wph-post-id=\"392\"]  [ data-wph-elm='1' ] [data-wph-elm='2'] {background-color:rgb(255, 255, 255); background-color: #FFF;\nborder: 6px solid white;\nbox-shadow: 0 0 5px rgba(0, 0, 0, 0.4);\nborder-radius: 100%;\nmax-width: 98%;\nwidth: 200px;\nheight: 200px;\nmargin: 5px auto;\ntransform: translateZ( 0 );\ntransition: .5s;}  [data-wph-post-id=\"392\"]  [ data-wph-elm='1' ]:hover [data-wph-elm='2'] {box-shadow: 0 0 15px rgba(0, 0, 0, 0.6);} [data-wph-post-id=\"392\"]  [ data-wph-elm='1' ] [data-wph-elm='3'] {transform: scale( 1 );\ntransition: 2s;}  [data-wph-post-id=\"392\"]  [ data-wph-elm='1' ]:hover [data-wph-elm='3'] {transform: scale( 1.1 );} [data-wph-post-id=\"392\"]  [ data-wph-elm='1' ] [data-wph-elm='4'] {margin-top: 0;\nmargin-bottom: 15px;}  [data-wph-post-id=\"392\"]  [ data-wph-elm='1' ] [data-wph-elm='5'] {font-size:.9em; }  [data-wph-post-id=\"392\"]  [ data-wph-elm='1' ] [data-wph-elm='6'] {font-style: italic;}               <\/style>\n<div class='wph_element wmts_vertical_round wmts_element  wmts_member '  data-wph-type=\"container\"    data-wph-href='lightbox'    data-wph-elm='1' >\n<div class='wph_element wmts_image_centering wmts_rounded  wmts_element '  data-wph-type=\"container\"      data-wph-elm='2' ><img class='wph_element  wmts_element '  data-wph-type=\"image\"   src = 'http:\/\/dgs-wochenende.de\/wp-content\/uploads\/2015\/08\/2.-Conny-300x300.jpg' width='300' height='300' alt='conny img '      data-wph-elm='3'  \/><\/div>\n<div class='wph_element wmts_text_container wmts_element '  data-wph-type=\"container\"      data-wph-elm='4' >\n<h2 class='wph_element wmts_name wmts_element '  data-wph-type=\"text\"    data-wph-elm='5' > Cornelia Ruppert<\/h2>\n<h3 class='wph_element wmts_job_title wmts_element '  data-wph-type=\"text\"    data-wph-elm='6' > staatl. anerk.  Geb\u00e4rdensprachdozentin<\/h3>\n<div class='wph_element wmts_links wmts_element  wmts_element '  data-wph-type=\"container\"      data-wph-elm='7' ><a class='wph_element  wmts_element  wmts_element '  data-wph-type=\"link\"    target='_blank'   data-wph-elm='8'  href='mailto:C.Ruppert@blickfang-muenchen.de' ><i class='fa fa-envelope'><\/i><span><\/span><\/a><\/div>\n<\/div>\n<div class='wph_element  wmts_element  wmts_lightbox  wmts_element  wmts_lightbox  wmts_element  wmts_lightbox '  data-wph-type=\"lightbox\"    data-wph-elm='9' >\n<div class='wph_element wmts_image_centering wmts_element  wmts_element  wmts_element '  data-wph-type=\"container\"      data-wph-elm='10' ><img class='wph_element wmts_image wmts_element  wmts_element  wmts_element '  data-wph-type=\"image\"   src = 'about:blank'   data-wmts-lazysrc='http:\/\/dgs-wochenende.de\/wp-content\/uploads\/2015\/08\/2.-Conny.jpg' width='500' height='500' alt='conny img '  data-wmts-lazysrc='about:blank'  data-wmts-lazysrc='about:blank'     data-wph-elm='11'  \/><\/div>\n<div class='wph_element wmts_text_container wmts_element  wmts_element  wmts_element '  data-wph-type=\"container\"      data-wph-elm='12' >\n<h2 class='wph_element wmts_name wmts_element  wmts_element  wmts_element '  data-wph-type=\"text\"    data-wph-elm='13' > Cornelia Ruppert<\/h2>\n<h3 class='wph_element wmts_job_title wmts_element  wmts_element  wmts_element '  data-wph-type=\"text\"    data-wph-elm='14' > staatl. anerk.  Geb\u00e4rdensprachdozentin<\/h3>\n<div class='wph_element wmts_description wmts_element  wmts_element  wmts_element '  data-wph-type=\"HTML\"    data-wph-elm='15' >Jahrgang 1974, <\/p>\n<p>Deaf Coda (deaf child of deaf adults), <\/p>\n<p>Ihr Motto: &#8220;Muttersprache &#8211; Alltagssprache &#8211; Traumsprache, Geb\u00e4rdensprache!&#8221;<\/p><\/div>\n<div class='wph_element wmts_attributes wmts_element  wmts_element  wmts_element '  data-wph-type=\"container\"      data-wph-elm='16' >\n<div class='wph_element  wmts_element  wmts_attribute  wmts_element  wmts_attribute  wmts_element  wmts_attribute '  data-wph-type=\"attribute\"      data-wph-elm='17' ><span data-wph-type='label'><i class='fa fa-envelope-o'><\/i><\/span><span data-wph-type='value'><span><a href=\"mailto:C.Ruppert@blickfang-muenchen.de\" target=\"_blank\">C.Ruppert@blickfang-muenchen.de<\/a><\/span><i class=''><\/i><\/span><\/div>\n<div class='wph_element  wmts_element  wmts_attribute  wmts_element  wmts_attribute  wmts_element  wmts_attribute '  data-wph-type=\"attribute\"      data-wph-elm='18' ><span data-wph-type='label'><i class='fa fa-map-marker'><\/i><\/span><span data-wph-type='value'><span>Eine Berlinerin in M\u00fcnchen<\/span><i class=''><\/i><\/span><\/div>\n<\/div>\n<div class='wph_element wmts_links wmts_element  wmts_element  wmts_element '  data-wph-type=\"container\"      data-wph-elm='19' ><\/div>\n<\/div>\n<\/div>\n<\/div>\n<div class='wph_element wmts_vertical_round wmts_element  wmts_member '  data-wph-type=\"container\"    data-wph-href='lightbox'    data-wph-elm='1' >\n<div class='wph_element wmts_image_centering wmts_rounded  wmts_element '  data-wph-type=\"container\"      data-wph-elm='2' ><img class='wph_element  wmts_element '  data-wph-type=\"image\"   src = 'http:\/\/dgs-wochenende.de\/wp-content\/uploads\/2015\/08\/3.-Sandra-300x300.jpg' width='300' height='300' alt='sandra img '      data-wph-elm='3'  \/><\/div>\n<div class='wph_element wmts_text_container wmts_element '  data-wph-type=\"container\"      data-wph-elm='4' >\n<h2 class='wph_element wmts_name wmts_element '  data-wph-type=\"text\"    data-wph-elm='5' > Sandra Rei\u00df<\/h2>\n<h3 class='wph_element wmts_job_title wmts_element '  data-wph-type=\"text\"    data-wph-elm='6' > staatl. anerk.  Geb\u00e4rdensprachdozentin<\/h3>\n<div class='wph_element wmts_links wmts_element  wmts_element '  data-wph-type=\"container\"      data-wph-elm='7' ><a class='wph_element  wmts_element  wmts_element '  data-wph-type=\"link\"    target='_blank'   data-wph-elm='8'  href='mailto:Gebaerdensprachkurs@blickfang-muenchen.de' ><i class='fa fa-envelope'><\/i><span><\/span><\/a><\/div>\n<\/div>\n<div class='wph_element  wmts_element  wmts_lightbox  wmts_element  wmts_lightbox  wmts_element  wmts_lightbox '  data-wph-type=\"lightbox\"    data-wph-elm='9' >\n<div class='wph_element wmts_image_centering wmts_element  wmts_element  wmts_element '  data-wph-type=\"container\"      data-wph-elm='10' ><img class='wph_element wmts_image wmts_element  wmts_element  wmts_element '  data-wph-type=\"image\"   src = 'about:blank'   data-wmts-lazysrc='http:\/\/dgs-wochenende.de\/wp-content\/uploads\/2015\/08\/3.-Sandra.jpg' width='500' height='500' alt='sandra img '  data-wmts-lazysrc='about:blank'  data-wmts-lazysrc='about:blank'     data-wph-elm='11'  \/><\/div>\n<div class='wph_element wmts_text_container wmts_element  wmts_element  wmts_element '  data-wph-type=\"container\"      data-wph-elm='12' >\n<h2 class='wph_element wmts_name wmts_element  wmts_element  wmts_element '  data-wph-type=\"text\"    data-wph-elm='13' > Sandra Rei\u00df<\/h2>\n<h3 class='wph_element wmts_job_title wmts_element  wmts_element  wmts_element '  data-wph-type=\"text\"    data-wph-elm='14' > staatl. anerk.  Geb\u00e4rdensprachdozentin<\/h3>\n<div class='wph_element wmts_description wmts_element  wmts_element  wmts_element '  data-wph-type=\"HTML\"    data-wph-elm='15' >Jahrgang 1971, <\/p>\n<p>Deaf Coda (deaf child of deaf adults), <\/p>\n<p>Ihr Motto: &#8220;Ein Tag ohne Geb\u00e4rdensprache ist ein verlorener Tag!&#8221;<\/p><\/div>\n<div class='wph_element wmts_attributes wmts_element  wmts_element  wmts_element '  data-wph-type=\"container\"      data-wph-elm='16' >\n<div class='wph_element  wmts_element  wmts_attribute  wmts_element  wmts_attribute  wmts_element  wmts_attribute '  data-wph-type=\"attribute\"      data-wph-elm='17' ><span data-wph-type='label'><i class='fa fa-envelope-o'><\/i><\/span><span data-wph-type='value'><span><a href=\"mailto:Gebaerdensprachkurs@blickfang-muenchen.de\" target=\"_blank\">Gebaerdensprachkurs@blickfang-muenchen.de<\/a><\/span><i class=''><\/i><\/span><\/div>\n<div class='wph_element  wmts_element  wmts_attribute  wmts_element  wmts_attribute  wmts_element  wmts_attribute '  data-wph-type=\"attribute\"      data-wph-elm='18' ><span data-wph-type='label'><i class='fa fa-map-marker'><\/i><\/span><span data-wph-type='value'><span>Eine Bayreutherin in M\u00fcnchen<\/span><i class=''><\/i><\/span><\/div>\n<\/div>\n<div class='wph_element wmts_links wmts_element  wmts_element  wmts_element '  data-wph-type=\"container\"      data-wph-elm='19' ><\/div>\n<\/div>\n<\/div>\n<\/div>\n<\/div>\n<\/div>\n<\/div>\n<\/div>\n<\/div>\n<\/div>\n<\/div>\n<div style=\"clear:both;\"><\/div>\n<\/div>\n<\/div><\/div>\n<div style=\"clear:both\"><\/div>\n<\/p><\/div>\n<div style=\"clear:both\"><\/div>\n<\/p><\/div>\n","protected":false},"excerpt":{"rendered":"<p>Wir sind ein junges Team von Geb\u00e4rdensprachdozentinnen der Geb\u00e4rdensprachschule www.blickfang-muenchen.de. Cornelia Ruppert staatl. anerk. Geb\u00e4rdensprachdozentin Cornelia Ruppert staatl. anerk. Geb\u00e4rdensprachdozentin Jahrgang 1974, Deaf Coda (deaf child of deaf adults), Ihr Motto: &#8220;Muttersprache &#8211; Alltagssprache &#8211; Traumsprache, Geb\u00e4rdensprache!&#8221; C.Ruppert@blickfang-muenchen.de Eine Berlinerin&#8230;<\/p>\n","protected":false},"author":4,"featured_media":0,"parent":0,"menu_order":0,"comment_status":"closed","ping_status":"closed","template":"page-full.php","meta":[],"_links":{"self":[{"href":"http:\/\/dgs-wochenende.de\/index.php\/wp-json\/wp\/v2\/pages\/169"}],"collection":[{"href":"http:\/\/dgs-wochenende.de\/index.php\/wp-json\/wp\/v2\/pages"}],"about":[{"href":"http:\/\/dgs-wochenende.de\/index.php\/wp-json\/wp\/v2\/types\/page"}],"author":[{"embeddable":true,"href":"http:\/\/dgs-wochenende.de\/index.php\/wp-json\/wp\/v2\/users\/4"}],"replies":[{"embeddable":true,"href":"http:\/\/dgs-wochenende.de\/index.php\/wp-json\/wp\/v2\/comments?post=169"}],"version-history":[{"count":6,"href":"http:\/\/dgs-wochenende.de\/index.php\/wp-json\/wp\/v2\/pages\/169\/revisions"}],"predecessor-version":[{"id":876,"href":"http:\/\/dgs-wochenende.de\/index.php\/wp-json\/wp\/v2\/pages\/169\/revisions\/876"}],"wp:attachment":[{"href":"http:\/\/dgs-wochenende.de\/index.php\/wp-json\/wp\/v2\/media?parent=169"}],"curies":[{"name":"wp","href":"https:\/\/api.w.org\/{rel}","templated":true}]}}