{"id":418,"date":"2015-08-25T17:56:37","date_gmt":"2015-08-25T15:56:37","guid":{"rendered":"http:\/\/dgs-wochenende.de\/?page_id=418"},"modified":"2015-08-25T18:01:23","modified_gmt":"2015-08-25T16:01:23","slug":"impressum","status":"publish","type":"page","link":"http:\/\/dgs-wochenende.de\/index.php\/impressum\/","title":{"rendered":"Impressum"},"content":{"rendered":"<div id=\"fbuilder_wrapper\">\n<div id=\"fbuilder_content_wrapper\">\n<div id=\"fbuilder_content\">\n<div data-rowtype=\"0\" data-rowid=\"0\" style=\"\" class=\"fbuilder_row\">\n<div>\n<div data-colnumber=\"0\" class=\"fbuilder_column fbuilder_column-1-1\">\n<div style=\" \" class=\"fbuilder_droppable\" >\n<div class=\"fbuilder_module\" data-shortcode=\"text\" data-modid=\"1\">\n<style type=\"text\/css\" scoped=\"scoped\">#frb_text_1378951260.frb_onScreen.frb_animated {-webkit-animation-duration: 1000ms; animation-duration: 1000ms;}#frb_text_1378951260.frb_onScreen.frb_hinge {-webkit-animation-duration: 2000ms; animation-duration: 2000ms;}<\/style>\n<div id=\"frb_text_1378951260\" class=\"\" style=\"padding-bottom:24px !important; text-align:left;\">\n<div class=\"frb_text\" style=\"color:#808080;\"><\/div>\n<\/div>\n<\/div>\n<\/div>\n<\/div>\n<div style=\"clear:both;\"><\/div>\n<\/div>\n<\/div>\n<div data-rowtype=\"0\" data-rowid=\"1\" style=\"\" class=\"fbuilder_row\">\n<div>\n<div data-colnumber=\"0\" class=\"fbuilder_column fbuilder_column-1-1\">\n<div style=\" \" class=\"fbuilder_droppable\" >\n<div class=\"fbuilder_module\" data-shortcode=\"text\" data-modid=\"0\">\n<style type=\"text\/css\" scoped=\"scoped\">#frb_text_387133078.frb_onScreen.frb_animated {-webkit-animation-duration: 1000ms; animation-duration: 1000ms;}#frb_text_387133078.frb_onScreen.frb_hinge {-webkit-animation-duration: 2000ms; animation-duration: 2000ms;}<\/style>\n<div id=\"frb_text_387133078\" class=\"\" style=\"padding-bottom:24px !important; text-align:left;\">\n<div class=\"frb_text\" style=\"color:#808080;\">\n<h1>Impressum<\/h1>\n<h2>Angaben gem\u00e4\u00df \u00a7 5 TMG:<\/h2>\n<p>Blickfang GbR<br \/>Balanstra\u00dfe 23<br \/>Geb\u00e4ude 44<br \/>81669 M\u00fcnchen<\/p>\n<h2>Vertreten durch:<\/h2>\n<p>Holger &amp; Cornelia Ruppert<\/p>\n<p>Blickfang GbR<br \/>Balanstra\u00dfe 23<br \/>81669 M\u00fcnchen<\/p>\n<h2>Kontakt:<\/h2>\n<table>\n<tbody>\n<tr>\n<td>Telefon:<\/td>\n<td>089 444 29 500<\/td>\n<\/tr>\n<tr>\n<td>Telefax:<\/td>\n<td>089 444 29 501<\/td>\n<\/tr>\n<tr>\n<td>E-Mail:<\/td>\n<td>info@blickfang-muenchen.de<\/td>\n<\/tr>\n<\/tbody>\n<\/table>\n<h2>Umsatzsteuer-ID:<\/h2>\n<p>Umsatzsteuer-Identifikationsnummer gem\u00e4\u00df \u00a727 a Umsatzsteuergesetz:<br \/>DE234442342<\/p>\n<h2>Aufsichtsbeh\u00f6rde:<\/h2>\n<p>M\u00fcnchen<\/p>\n<h2>Verantwortlich f\u00fcr den Inhalt nach \u00a7 55 Abs. 2 RStV:<\/h2>\n<p>Holger &amp; Cornelia Ruppert<\/p>\n<p>Blickfang GbR<br \/>Balanstra\u00dfe 23<br \/>81669 M\u00fcnchen<\/p>\n<h2>Quellenangaben f\u00fcr die verwendeten Bilder und Grafiken:<\/h2>\n<p>Die Layouts, Fotos und Grafiken wurden zum gr\u00f6\u00dften Teil selbst erstellt bzw. sind entweder privates Eigentum oder haben die CREATIVE COMMONS Lizenz.<br \/>Restlichen Bilderechte geh\u00f6ren:<\/p>\n<p>Barbara Bacher<br \/>Sibilla Steck<br \/>Sandra Rei\u00df<br \/>Cornelia Ruppert<br \/>Marco Lipski<\/p>\n<p>Quelle: <em><a href=\"http:\/\/www.e-recht24.de\/impressum-generator.html\" rel=\"nofollow\">http:\/\/www.e-recht24.de<\/a><\/em><\/p>\n<\/div>\n<\/div>\n<\/div>\n<\/div>\n<\/div>\n<div style=\"clear:both;\"><\/div>\n<\/div>\n<\/div><\/div>\n<div style=\"clear:both\"><\/div>\n<\/p><\/div>\n<div style=\"clear:both\"><\/div>\n<\/p><\/div>\n","protected":false},"excerpt":{"rendered":"<p>Impressum Angaben gem\u00e4\u00df \u00a7 5 TMG: Blickfang GbRBalanstra\u00dfe 23Geb\u00e4ude 4481669 M\u00fcnchen Vertreten durch: Holger &amp; Cornelia Ruppert Blickfang GbRBalanstra\u00dfe 2381669 M\u00fcnchen Kontakt: Telefon: 089 444 29 500 Telefax: 089 444 29 501 E-Mail: info@blickfang-muenchen.de Umsatzsteuer-ID: Umsatzsteuer-Identifikationsnummer gem\u00e4\u00df \u00a727 a Umsatzsteuergesetz:DE234442342&#8230;<\/p>\n","protected":false},"author":4,"featured_media":0,"parent":0,"menu_order":0,"comment_status":"closed","ping_status":"closed","template":"page-full.php","meta":[],"_links":{"self":[{"href":"http:\/\/dgs-wochenende.de\/index.php\/wp-json\/wp\/v2\/pages\/418"}],"collection":[{"href":"http:\/\/dgs-wochenende.de\/index.php\/wp-json\/wp\/v2\/pages"}],"about":[{"href":"http:\/\/dgs-wochenende.de\/index.php\/wp-json\/wp\/v2\/types\/page"}],"author":[{"embeddable":true,"href":"http:\/\/dgs-wochenende.de\/index.php\/wp-json\/wp\/v2\/users\/4"}],"replies":[{"embeddable":true,"href":"http:\/\/dgs-wochenende.de\/index.php\/wp-json\/wp\/v2\/comments?post=418"}],"version-history":[{"count":3,"href":"http:\/\/dgs-wochenende.de\/index.php\/wp-json\/wp\/v2\/pages\/418\/revisions"}],"predecessor-version":[{"id":421,"href":"http:\/\/dgs-wochenende.de\/index.php\/wp-json\/wp\/v2\/pages\/418\/revisions\/421"}],"wp:attachment":[{"href":"http:\/\/dgs-wochenende.de\/index.php\/wp-json\/wp\/v2\/media?parent=418"}],"curies":[{"name":"wp","href":"https:\/\/api.w.org\/{rel}","templated":true}]}}