{"id":66,"date":"2014-01-23T11:49:14","date_gmt":"2014-01-23T11:49:14","guid":{"rendered":"http:\/\/demo.fairpixels.com\/santiago\/?page_id=5"},"modified":"2024-02-02T19:48:51","modified_gmt":"2024-02-02T18:48:51","slug":"startseite","status":"publish","type":"page","link":"http:\/\/dgs-wochenende.de\/","title":{"rendered":"DGS-WOCHENENDE"},"content":{"rendered":"<div id=\"fbuilder_wrapper\">\n<div id=\"fbuilder_content_wrapper\">\n<div id=\"fbuilder_content\">\n<div data-rowtype=\"3\" data-rowid=\"3\" style=\"\" class=\"fbuilder_row\">\n<div>\n<div data-colnumber=\"0\" class=\"fbuilder_column fbuilder_column-1-3\">\n<div style=\" \" class=\"fbuilder_droppable\">\n<div class=\"fbuilder_module\" data-shortcode=\"heading\" data-modid=\"18\">\n<style type=\"text\/css\" scoped=\"scoped\">#frb_h_97484488.frb_onScreen.frb_animated {-webkit-animation-duration: 1000ms; animation-duration: 1000ms;}#frb_h_97484488.frb_onScreen.frb_hinge {-webkit-animation-duration: 2000ms; animation-duration: 2000ms;}<\/style>\n<h1 id=\"frb_h_97484488\" class=\"\" style=\"padding-bottom:23px !important; margin-top:0 !important; text-align:left; color:#232323;\">\n<p>Neue Termine 2024:<\/p>\n<\/h1>\n<\/div>\n<div class=\"fbuilder_module\" data-shortcode=\"heading\" data-modid=\"19\">\n<style type=\"text\/css\" scoped=\"scoped\">#frb_h_1428727250.frb_onScreen.frb_animated {-webkit-animation-duration: 1000ms; animation-duration: 1000ms;}#frb_h_1428727250.frb_onScreen.frb_hinge {-webkit-animation-duration: 2000ms; animation-duration: 2000ms;}<\/style>\n<h1 id=\"frb_h_1428727250\" class=\"\" style=\"padding-bottom:0px !important; margin-top:0 !important; text-align:left; color:#232323;\">\n<h2 id=\"frb_h_2087997369\" class=\"\">26. Juni bis 30. Juni 2024<\/h2>\n<\/h1>\n<\/div>\n<div class=\"fbuilder_module\" data-shortcode=\"text\" data-modid=\"20\">\n<style type=\"text\/css\" scoped=\"scoped\">#frb_text_852018886.frb_onScreen.frb_animated {-webkit-animation-duration: 1000ms; animation-duration: 1000ms;}#frb_text_852018886.frb_onScreen.frb_hinge {-webkit-animation-duration: 2000ms; animation-duration: 2000ms;}<\/style>\n<div id=\"frb_text_852018886\" class=\"\" style=\"padding-bottom:8px !important; text-align:left;\">\n<div class=\"frb_text\" style=\"color:#808080;\">\n<p><span style=\"font-family: Enriqueta Regular; font-size: 12pt; color: #000000;\">Mi bis So, 5<strong>-t\u00e4giges<\/strong> DGS-Wochenende im <strong>Forsthaus<\/strong> in der N\u00e4he von <strong>Berchtesgaden<\/strong> (Bayern) &gt; <a href=\"http:\/\/dgs-wochenende.de\/wp-content\/uploads\/2024\/02\/DGS_Wochenende_Juni24.pdf\" target=\"_blank\" rel=\"noopener\"><span style=\"color: #ad3127;\"><strong>Jetzt buchen!<\/strong><\/span><\/a><br \/><\/span><\/p>\n<p>\u00a0<\/p>\n<\/div>\n<\/div>\n<\/div>\n<div class=\"fbuilder_module\" data-shortcode=\"heading\" data-modid=\"21\">\n<style type=\"text\/css\" scoped=\"scoped\">#frb_h_52248333.frb_onScreen.frb_animated {-webkit-animation-duration: 1000ms; animation-duration: 1000ms;}#frb_h_52248333.frb_onScreen.frb_hinge {-webkit-animation-duration: 2000ms; animation-duration: 2000ms;}<\/style>\n<h1 id=\"frb_h_52248333\" class=\"\" style=\"padding-bottom:0px !important; margin-top:0 !important; text-align:left; color:#232323;\">\n<p>(&#8211; &#8212; 2024)<\/p>\n<\/h1>\n<\/div>\n<div class=\"fbuilder_module\" data-shortcode=\"text\" data-modid=\"23\">\n<style type=\"text\/css\" scoped=\"scoped\">#frb_text_537475594.frb_onScreen.frb_animated {-webkit-animation-duration: 1000ms; animation-duration: 1000ms;}#frb_text_537475594.frb_onScreen.frb_hinge {-webkit-animation-duration: 2000ms; animation-duration: 2000ms;}<\/style>\n<div id=\"frb_text_537475594\" class=\"\" style=\"padding-bottom:8px !important; text-align:left;\">\n<div class=\"frb_text\" style=\"color:#808080;\">\n<p><span style=\"font-family: Enriqueta Regular; font-size: 12pt; color: #000000;\">Mi bis So, 5<strong>-t\u00e4giges<\/strong> DGS-Wochenende im <strong>Forsthaus<\/strong> in der N\u00e4he von <strong>Berchtesgaden<\/strong> (Bayern) &gt; <a href=\"http:\/\/dgs-wochenende.de\/wp-content\/uploads\/2024\/02\/DGS_Wochenende_Juni24.pdf\" target=\"_blank\" rel=\"noopener\"><span style=\"color: #ad3127;\"><strong>Jetzt buchen!<\/strong><\/span><\/a><br \/><\/span><\/p>\n<p>\u00a0<\/p>\n<\/div>\n<\/div>\n<\/div>\n<\/div>\n<\/div>\n<div data-colnumber=\"1\" class=\"fbuilder_column fbuilder_column-2-3\">\n<div style=\" \" class=\"fbuilder_droppable\">\n<div class=\"fbuilder_module\" data-shortcode=\"image\" data-modid=\"17\">\n<style type=\"text\/css\" scoped=\"scoped\">#frb_image_1313410861.frb_onScreen.frb_animated {-webkit-animation-duration: 1000ms; animation-duration: 1000ms;}#frb_image_1313410861.frb_onScreen.frb_hinge {-webkit-animation-duration: 2000ms; animation-duration: 2000ms;}<\/style>\n<style type=\"text\/css\" scoped=\"scoped\">#frb_image_1313410861 .frb_image_hover {background:#000000;}<\/style>\n<div id=\"frb_image_1313410861\" class=\"\" style=\"padding-bottom:24px !important;\">\n<div class=\"frb_image\" style=\"\"><span style=\"text-align:center; width:100%; display:block; line-height:0;\"><span class=\"frb_image_inner\"  style=\"border-color:#376a6e;\" data-bordercolor=\"#376a6e\" data-borderhover=\"#27a8e1\"><br \/>\n\t\t<img decoding=\"async\" class=\"frb_image_flat\" src=\"http:\/\/dgs-wochenende.de\/wp-content\/uploads\/2016\/02\/DGS-WOCHENENDE-STEWARDESS.png\" alt=\"\" style=\"border-color:#376a6e; margin:0 auto;\" \/><br \/>\n\t\t<span style=\"clear:both; display:block;\"><\/span><i class=\"frb_icon ba ba-search\" style=\"line-height:30px; font-size:30px; height:30px; width:30px; margin:-15px \"><\/i><\/span><\/span><\/div>\n<\/div>\n<\/div>\n<\/div>\n<\/div>\n<div style=\"clear:both;\"><\/div>\n<\/div>\n<\/div>\n<div data-rowtype=\"0\" data-rowid=\"1\" style=\"\" class=\"fbuilder_row\">\n<div>\n<div data-colnumber=\"0\" class=\"fbuilder_column fbuilder_column-1-1\">\n<div style=\" \" class=\"fbuilder_droppable\">\n<div class=\"fbuilder_module\" data-shortcode=\"separator\" data-modid=\"16\">\n<style type=\"text\/css\" scoped=\"scoped\">#frb_separator_458041752.frb_onScreen.frb_animated {-webkit-animation-duration: 1000ms; animation-duration: 1000ms;}#frb_separator_458041752.frb_onScreen.frb_hinge {-webkit-animation-duration: 2000ms; animation-duration: 2000ms;}<\/style>\n<div id=\"frb_separator_458041752\" class=\"frb_separator \" style=\"border-top:1px solid #ad3127; padding-bottom:24px;\"><\/div>\n<\/div>\n<div class=\"fbuilder_module\" data-shortcode=\"text\" data-modid=\"2\">\n<style type=\"text\/css\" scoped=\"scoped\">#frb_text_2126815461.frb_onScreen.frb_animated {-webkit-animation-duration: 1000ms; animation-duration: 1000ms;}#frb_text_2126815461.frb_onScreen.frb_hinge {-webkit-animation-duration: 2000ms; animation-duration: 2000ms;}<\/style>\n<div id=\"frb_text_2126815461\" class=\"\" style=\"padding-bottom:24px !important; text-align:center;\">\n<div class=\"frb_text\" style=\"color:#808080;\"><\/div>\n<\/div>\n<\/div>\n<div class=\"fbuilder_module\" data-shortcode=\"separator\" data-modid=\"15\">\n<style type=\"text\/css\" scoped=\"scoped\">#frb_separator_963352799.frb_onScreen.frb_animated {-webkit-animation-duration: 1000ms; animation-duration: 1000ms;}#frb_separator_963352799.frb_onScreen.frb_hinge {-webkit-animation-duration: 2000ms; animation-duration: 2000ms;}<\/style>\n<div id=\"frb_separator_963352799\" class=\"frb_separator \" style=\"border-top:1px solid #ad3127; padding-bottom:24px;\"><\/div>\n<\/div>\n<\/div>\n<\/div>\n<div style=\"clear:both;\"><\/div>\n<\/div>\n<\/div>\n<div data-rowtype=\"3\" data-rowid=\"2\" style=\"\" class=\"fbuilder_row\">\n<div>\n<div data-colnumber=\"0\" class=\"fbuilder_column fbuilder_column-1-3\">\n<div style=\" \" class=\"fbuilder_droppable\">\n<div class=\"fbuilder_module\" data-shortcode=\"image\" data-modid=\"3\">\n<style type=\"text\/css\" scoped=\"scoped\">#frb_image_956666538.frb_onScreen.frb_animated {-webkit-animation-duration: 1000ms; animation-duration: 1000ms;}#frb_image_956666538.frb_onScreen.frb_hinge {-webkit-animation-duration: 2000ms; animation-duration: 2000ms;}<\/style>\n<style type=\"text\/css\" scoped=\"scoped\">#frb_image_956666538 .frb_image_hover {background:#000000;}<\/style>\n<div id=\"frb_image_956666538\" class=\"\" style=\"padding-bottom:24px !important;\">\n<div class=\"frb_image\" style=\"\"><span style=\"text-align:center; width:100%; display:block; line-height:0;\"><span class=\"frb_image_inner\"  style=\"border-color:#376a6e;\" data-bordercolor=\"#376a6e\" data-borderhover=\"#27a8e1\"><br \/>\n\t\t<img decoding=\"async\" class=\"frb_image_flat\" src=\"http:\/\/dgs-wochenende.de\/wp-content\/uploads\/2016\/02\/Warum-ein-DGS-Wochenende2.gif\" alt=\"\" style=\"border-color:#376a6e; margin:0 auto;\" \/><br \/>\n\t\t<span style=\"clear:both; display:block;\"><\/span><i class=\"frb_icon ba ba-search\" style=\"line-height:30px; font-size:30px; height:30px; width:30px; margin:-15px \"><\/i><\/span><\/span><\/div>\n<\/div>\n<\/div>\n<\/div>\n<\/div>\n<div data-colnumber=\"1\" class=\"fbuilder_column fbuilder_column-2-3\">\n<div style=\" \" class=\"fbuilder_droppable\">\n<div class=\"fbuilder_module\" data-shortcode=\"text\" data-modid=\"1\">\n<style type=\"text\/css\" scoped=\"scoped\">#frb_text_486030386.frb_onScreen.frb_animated {-webkit-animation-duration: 1000ms; animation-duration: 1000ms;}#frb_text_486030386.frb_onScreen.frb_hinge {-webkit-animation-duration: 2000ms; animation-duration: 2000ms;}<\/style>\n<div id=\"frb_text_486030386\" class=\"\" style=\"padding-bottom:24px !important; text-align:left; font-size:21px; line-height:25px;\">\n<div class=\"frb_text\" style=\"color:#808080;\">\n<p style=\"text-align: justify;\"><span style=\"color: #000000; font-size: 14pt; font-family: Enriqueta Regular;\"><span class=\"ff1 cf0 fs26\">Die Antwort ist einfach:<br \/>Wer intensiv seine Fremdsprachkenntnisse vertiefen m\u00f6chte, macht eine Sprachreise! Wenn Sie Ihr <\/span><span class=\"cf1 ff1 fs26\">\u201c<\/span><span class=\"cf0 ff1 fs26\">Oxford English<\/span><span class=\"cf1 ff1 fs26\">\u201d<\/span><span class=\"cf0 ff1 fs26\"> mit dem (Strassen-)Jargon vergleichen wollen, buchen Sie einfach ein paar Tage London und tauchen diese Tage in eine gewisse Subkultur unter. Oder sie wollen Ihr Franz\u00f6sisch auffrischen? Nichts wie ab nach Paris! \u2013 <\/p>\n<p>Wie aber soll so etwas funktionieren, wenn Sie mal ein paar Tage nur Geb\u00e4rdensprache &#8220;sprechen\u201c und &#8220;visuell Denken\u201c wollen!?\u00a0 Wir Geh\u00f6rlose haben kein eigenes Land, welches Sie spontan besuchen k\u00f6nnen. Daf\u00fcr bieten wir jetzt regelm\u00e4ssig mehrmals pro Jahr, ein paar DGS-Wochenende an \u2013 Kurze (Geb\u00e4rden-)Sprachreisen, mit einer Handvoll geh\u00f6rlosen Dozenten und Privatpersonen. <\/p>\n<p>Wir laden Sie hiermit ein zu einem kleinen Abenteuer, indem Sie ganz nebenbei auch die Vielfalt der Geh\u00f6rlosenkultur und ihre \u201cSprache der H\u00e4nde\u201d kennenlernen. <\/span><\/span><\/p>\n<p style=\"text-align: justify;\"><span class=\"ff1 cf0 fs26\" style=\"font-size: 14pt; font-family: Enriqueta Regular; color: #000000;\">Herzlichst,\u00a0 Cornelia Ruppert <br \/><span style=\"font-size: 12pt; color: #808080;\">staatlich anerkannte Geb\u00e4rdensprachdozentin<\/span><br \/><\/span><\/p>\n<\/div>\n<\/div>\n<\/div>\n<\/div>\n<\/div>\n<div style=\"clear:both;\"><\/div>\n<\/div>\n<\/div><\/div>\n<div style=\"clear:both\"><\/div>\n<\/p><\/div>\n<div style=\"clear:both\"><\/div>\n<\/p><\/div>\n","protected":false},"excerpt":{"rendered":"<p>Neue Termine 2024: 26. Juni bis 30. Juni 2024 Mi bis So, 5-t\u00e4giges DGS-Wochenende im Forsthaus in der N\u00e4he von Berchtesgaden (Bayern) &gt; Jetzt buchen! \u00a0 (&#8211; &#8212; 2024) Mi bis So, 5-t\u00e4giges DGS-Wochenende im Forsthaus in der N\u00e4he von&#8230;<\/p>\n","protected":false},"author":4,"featured_media":0,"parent":0,"menu_order":0,"comment_status":"closed","ping_status":"closed","template":"page-full.php","meta":[],"_links":{"self":[{"href":"http:\/\/dgs-wochenende.de\/index.php\/wp-json\/wp\/v2\/pages\/66"}],"collection":[{"href":"http:\/\/dgs-wochenende.de\/index.php\/wp-json\/wp\/v2\/pages"}],"about":[{"href":"http:\/\/dgs-wochenende.de\/index.php\/wp-json\/wp\/v2\/types\/page"}],"author":[{"embeddable":true,"href":"http:\/\/dgs-wochenende.de\/index.php\/wp-json\/wp\/v2\/users\/4"}],"replies":[{"embeddable":true,"href":"http:\/\/dgs-wochenende.de\/index.php\/wp-json\/wp\/v2\/comments?post=66"}],"version-history":[{"count":85,"href":"http:\/\/dgs-wochenende.de\/index.php\/wp-json\/wp\/v2\/pages\/66\/revisions"}],"predecessor-version":[{"id":1049,"href":"http:\/\/dgs-wochenende.de\/index.php\/wp-json\/wp\/v2\/pages\/66\/revisions\/1049"}],"wp:attachment":[{"href":"http:\/\/dgs-wochenende.de\/index.php\/wp-json\/wp\/v2\/media?parent=66"}],"curies":[{"name":"wp","href":"https:\/\/api.w.org\/{rel}","templated":true}]}}